{"id":3577,"date":"2023-10-17T09:02:31","date_gmt":"2023-10-17T09:02:31","guid":{"rendered":"https:\/\/gaclass-eng.com\/cau-lac-bo-ga\/"},"modified":"2024-02-28T06:47:51","modified_gmt":"2024-02-28T06:47:51","slug":"cau-lac-bo-ga","status":"publish","type":"page","link":"https:\/\/gaclass-eng.com\/vi\/cau-lac-bo-ga\/","title":{"rendered":"C\u00e2u l\u1ea1c b\u1ed9 GA"},"content":{"rendered":"\n\n  <div class=\"banner has-hover hide-for-medium\" id=\"banner-790646448\">\n          <div class=\"banner-inner fill\">\n        <div class=\"banner-bg fill\" >\n            <div class=\"bg fill bg-fill \"><\/div>\n                        <div class=\"overlay\"><\/div>            \n                    <\/div>\n\t\t\n        <div class=\"banner-layers container\">\n            <div class=\"fill banner-link\"><\/div>            \n\n   <div id=\"text-box-995385254\" class=\"text-box banner-layer x50 md-x50 lg-x50 y50 md-y50 lg-y50 res-text\">\n                                <div class=\"text-box-content text dark\">\n              \n              <div class=\"text-inner text-center\">\n                  \n\n<h1><span style=\"font-size: 100%;\">C\u00e2u l\u1ea1c b\u1ed9 GA<\/span><\/h1>\n\n<div class=\"is-divider divider clearfix\" style=\"max-width:433px;background-color:rgb(255, 255, 255);\"><\/div>\n\n<h3>G\u1eedi \u0111\u1ebfn nh\u1eefng b\u1ea1n sinh vi\u00ean c\u00f3 mong mu\u1ed1n l\u00e0m vi\u1ec7c t\u1ea1i Nh\u1eadt B\u1ea3n<\/h3>\n\n              <\/div>\n           <\/div>\n                            \n<style>\n#text-box-995385254 {\n  width: 60%;\n}\n#text-box-995385254 .text-box-content {\n  font-size: 100%;\n}\n<\/style>\n    <\/div>\n \n\n        <\/div>\n      <\/div>\n\n            \n<style>\n#banner-790646448 {\n  padding-top: 400px;\n}\n#banner-790646448 .bg.bg-loaded {\n  background-image: url(https:\/\/gaclass-eng.com\/wp-content\/uploads\/2023\/11\/\u30ad\u30e3\u30d7\u30c1\u30e3-1400x398.png);\n}\n#banner-790646448 .overlay {\n  background-color: rgba(165, 160, 160, 0.366);\n}\n#banner-790646448 .bg {\n  background-position: 2% 73%;\n}\n#banner-790646448 .ux-shape-divider--top svg {\n  height: 150px;\n  --divider-top-width: 100%;\n}\n#banner-790646448 .ux-shape-divider--bottom svg {\n  height: 150px;\n  --divider-width: 100%;\n}\n<\/style>\n  <\/div>\n\n\n\n  <div class=\"banner has-hover show-for-medium\" id=\"banner-602692781\">\n          <div class=\"banner-inner fill\">\n        <div class=\"banner-bg fill\" >\n            <div class=\"bg fill bg-fill \"><\/div>\n                        <div class=\"overlay\"><\/div>            \n                    <\/div>\n\t\t\n        <div class=\"banner-layers container\">\n            <div class=\"fill banner-link\"><\/div>            \n\n   <div id=\"text-box-578412601\" class=\"text-box banner-layer x50 md-x50 lg-x50 y50 md-y50 lg-y50 res-text\">\n                                <div class=\"text-box-content text dark\">\n              \n              <div class=\"text-inner text-center\">\n                  \n\n<h1><span style=\"font-size: 100%;\">C\u00e2u l\u1ea1c b\u1ed9 GA<\/span><\/h1>\n\n<div class=\"is-divider divider clearfix\" style=\"max-width:433px;background-color:rgb(255, 255, 255);\"><\/div>\n\n<p><span style=\"font-size: 130%;\">G\u1eedi \u0111\u1ebfn nh\u1eefng b\u1ea1n sinh vi\u00ean c\u00f3 mong mu\u1ed1n l\u00e0m vi\u1ec7c t\u1ea1i Nh\u1eadt B\u1ea3n<\/span><\/p>\n\n              <\/div>\n           <\/div>\n                            \n<style>\n#text-box-578412601 {\n  width: 60%;\n}\n#text-box-578412601 .text-box-content {\n  font-size: 100%;\n}\n<\/style>\n    <\/div>\n \n\n        <\/div>\n      <\/div>\n\n            \n<style>\n#banner-602692781 {\n  padding-top: 200px;\n}\n#banner-602692781 .bg.bg-loaded {\n  background-image: url(https:\/\/gaclass-eng.com\/wp-content\/uploads\/2023\/11\/\u30ad\u30e3\u30d7\u30c1\u30e3-1400x398.png);\n}\n#banner-602692781 .overlay {\n  background-color: rgba(165, 160, 160, 0.366);\n}\n#banner-602692781 .bg {\n  background-position: 2% 73%;\n}\n#banner-602692781 .ux-shape-divider--top svg {\n  height: 150px;\n  --divider-top-width: 100%;\n}\n#banner-602692781 .ux-shape-divider--bottom svg {\n  height: 150px;\n  --divider-width: 100%;\n}\n<\/style>\n  <\/div>\n\n\n\t<div id=\"gap-1634886647\" class=\"gap-element clearfix\" style=\"display:block; height:auto;\">\n\t\t\n<style>\n#gap-1634886647 {\n  padding-top: 30px;\n}\n<\/style>\n\t<\/div>\n\t\n\n\t<section class=\"section\" id=\"section_1225400962\">\n\t\t<div class=\"bg section-bg fill bg-fill  bg-loaded\" >\n\n\t\t\t\n\t\t\t\n\t\t\t\n\n\t\t<\/div>\n\n\t\t\n\n\t\t<div class=\"section-content relative\">\n\t\t\t\n\n<div class=\"row\"  id=\"row-397744305\">\n\n\n\t<div id=\"col-1946733346\" class=\"col small-12 large-12\"  >\n\t\t\t\t<div class=\"col-inner\"  >\n\t\t\t\n\t\t\t\n\n\t<div id=\"text-2741920030\" class=\"text\">\n\t\t\n\n<h2 style=\"text-align: center;\"><span style=\"font-size: 190%;\">C\u00e2u l\u1ea1c b\u1ed9 GA<\/span><\/h2>\n\t\t\n<style>\n#text-2741920030 {\n  text-align: center;\n}\n<\/style>\n\t<\/div>\n\t\n<div class=\"text-center\"><div class=\"is-divider divider clearfix\" style=\"margin-top:0px;margin-bottom:0px;max-width:150px;height:4px;background-color:rgb(67, 160, 71);\"><\/div><\/div>\n\n\n\t\t<\/div>\n\t\t\t\t\t<\/div>\n\n\t\n\n<\/div>\n<div class=\"row align-middle align-center\"  id=\"row-1456477880\">\n\n\n\t<div id=\"col-478662105\" class=\"col medium-8 small-10 large-12\"  >\n\t\t\t\t<div class=\"col-inner text-left\"  >\n\t\t\t\n\t\t\t\n\n<p><span style=\"font-size: 130%;\"><strong><span style=\"color: #43a047;\">C\u00e2u l\u1ea1c b\u1ed9 GA<\/span><\/strong> l\u00e0<\/span> <span style=\"font-size: 130%;\">c\u00e2u l\u1ea1c b\u1ed9 n\u1eb1m trong khu\u00f4n vi\u00ean tr\u01b0\u1eddng \u0110\u1ea1i h\u1ecdc S\u01b0 ph\u1ea1m K\u1ef9 Thu\u1eadt th\u00e0nh ph\u1ed1 H\u1ed3 Ch\u00ed Minh, <span style=\"color: #43a047;\">\u0111\u1ed1i t\u01b0\u1ee3ng l\u00e0 vi\u00ean n\u0103m 2 v\u00e0 n\u0103m 3 h\u1ecdc ti\u1ebfng Nh\u1eadt h\u00e0ng tu\u1ea7n v\u1edbi m\u1ee5c ti\u00eau \u0111\u1ea1t tr\u00ecnh \u0111\u1ed9 N4 trong m\u1ed9t n\u0103m.<\/span> Kh\u00f4ng ph\u00e2n bi\u1ec7t chuy\u00ean ng\u00e0nh. Kh\u00f4ng ch\u1ec9 l\u00e0 l\u1edbp h\u1ecdc ti\u1ebfng Nh\u1eadt, ngo\u00e0i ra c\u00f2n v\u1edbi m\u1ee5c \u0111\u00edch \u0111\u1ec3 sinh vi\u00ean t\u00ecm hi\u1ec3u th\u00eam v\u1ec1 Nh\u1eadt B\u1ea3n th\u00f4ng qua tr\u1ea3i nghi\u1ec7m v\u0103n h\u00f3a Nh\u1eadt B\u1ea3n v\u00e0 giao l\u01b0u v\u1edbi c\u00e1c th\u1ef1c t\u1eadp sinh \u0111\u1ea1i h\u1ecdc Nh\u1eadt B\u1ea3n.<\/span> <span style=\"font-size: 130%;\">N\u1ebfu b\u1ea1n quan t\u00e2m, xin vui l\u00f2ng li\u00ean h\u1ec7 v\u1edbi ch\u00fang t\u00f4i.<\/span><\/p>\n\n\t\t<\/div>\n\t\t\t\t\t<\/div>\n\n\t\n\n\t<div id=\"col-1034997362\" class=\"col medium-8 small-10 large-9\"  >\n\t\t\t\t<div class=\"col-inner text-center\" style=\"background-color:rgb(255,255,255);\" >\n\t\t\t\n\t\t\t\n\n<div class=\"video video-fit mb\" style=\"padding-top:56.25%;\"><iframe loading=\"lazy\" title=\"GA\u5036\u697d\u90e8\u3054\u7d39\u4ecb\" width=\"1020\" height=\"574\" src=\"https:\/\/www.youtube.com\/embed\/dHsdSX3djNc?feature=oembed\" frameborder=\"0\" allow=\"accelerometer; autoplay; clipboard-write; encrypted-media; gyroscope; picture-in-picture; web-share\" allowfullscreen><\/iframe><\/div>\n\n\n\t\t<\/div>\n\t\t\t\t\t<\/div>\n\n\t\n\n<\/div>\n\n\t\t<\/div>\n\n\t\t\n<style>\n#section_1225400962 {\n  padding-top: 0px;\n  padding-bottom: 0px;\n}\n#section_1225400962 .ux-shape-divider--top svg {\n  height: 150px;\n  --divider-top-width: 100%;\n}\n#section_1225400962 .ux-shape-divider--bottom svg {\n  height: 150px;\n  --divider-width: 100%;\n}\n<\/style>\n\t<\/section>\n\t\n\n","protected":false},"excerpt":{"rendered":"","protected":false},"author":1,"featured_media":0,"parent":0,"menu_order":0,"comment_status":"closed","ping_status":"closed","template":"page-blank.php","meta":{"footnotes":""},"class_list":["post-3577","page","type-page","status-publish","hentry"],"_links":{"self":[{"href":"https:\/\/gaclass-eng.com\/vi\/wp-json\/wp\/v2\/pages\/3577","targetHints":{"allow":["GET"]}}],"collection":[{"href":"https:\/\/gaclass-eng.com\/vi\/wp-json\/wp\/v2\/pages"}],"about":[{"href":"https:\/\/gaclass-eng.com\/vi\/wp-json\/wp\/v2\/types\/page"}],"author":[{"embeddable":true,"href":"https:\/\/gaclass-eng.com\/vi\/wp-json\/wp\/v2\/users\/1"}],"replies":[{"embeddable":true,"href":"https:\/\/gaclass-eng.com\/vi\/wp-json\/wp\/v2\/comments?post=3577"}],"version-history":[{"count":2,"href":"https:\/\/gaclass-eng.com\/vi\/wp-json\/wp\/v2\/pages\/3577\/revisions"}],"predecessor-version":[{"id":3580,"href":"https:\/\/gaclass-eng.com\/vi\/wp-json\/wp\/v2\/pages\/3577\/revisions\/3580"}],"wp:attachment":[{"href":"https:\/\/gaclass-eng.com\/vi\/wp-json\/wp\/v2\/media?parent=3577"}],"curies":[{"name":"wp","href":"https:\/\/api.w.org\/{rel}","templated":true}]}}