{"id":3581,"date":"2015-11-17T20:15:56","date_gmt":"2015-11-17T20:15:56","guid":{"rendered":"https:\/\/gaclass-eng.com\/home\/"},"modified":"2024-03-07T07:13:55","modified_gmt":"2024-03-07T07:13:55","slug":"home","status":"publish","type":"page","link":"https:\/\/gaclass-eng.com\/vi\/","title":{"rendered":"HOME"},"content":{"rendered":"\n\n  <div class=\"banner has-hover show-for-small\" id=\"banner-749115161\">\n          <div class=\"banner-inner fill\">\n        <div class=\"banner-bg fill\" >\n            <div class=\"bg fill bg-fill \"><\/div>\n                                    \n                    <\/div>\n\t\t\n        <div class=\"banner-layers container\">\n            <div class=\"fill banner-link\"><\/div>            \n\n   <div id=\"text-box-1915075122\" class=\"text-box banner-layer x50 md-x50 lg-x50 y50 md-y50 lg-y50 res-text\">\n                                <div class=\"text-box-content text dark\">\n              \n              <div class=\"text-inner text-center\">\n                  \n\n<p style=\"text-align: center;\"><span style=\"font-size: 150%;\">Ch\u00fang t\u00f4i t\u00ecm ki\u1ebfm nh\u1eefng nh\u00e2n t\u00e0i t\u1ed1t nghi\u1ec7p Khoa h\u1ecdc T\u1ef1 nhi\u00ean<\/span><\/p>\n<h1 style=\"text-align: center;\"><span style=\"font-size: 100%;\">G.A. Consultants<\/span><\/h1>\n\n              <\/div>\n           <\/div>\n                            \n<style>\n#text-box-1915075122 {\n  width: 100%;\n}\n#text-box-1915075122 .text-box-content {\n  font-size: 100%;\n}\n<\/style>\n    <\/div>\n \n\n        <\/div>\n      <\/div>\n\n              <div class=\"height-fix is-invisible\"><img loading=\"lazy\" decoding=\"async\" width=\"1366\" height=\"768\" src=\"https:\/\/gaclass-eng.com\/wp-content\/uploads\/2023\/10\/GA\u30af\u30e9\u30b9\u7528-\u5199\u771f.png\" class=\"attachment-original size-original\" alt=\"\" srcset=\"https:\/\/gaclass-eng.com\/wp-content\/uploads\/2023\/10\/GA\u30af\u30e9\u30b9\u7528-\u5199\u771f.png 1366w, https:\/\/gaclass-eng.com\/wp-content\/uploads\/2023\/10\/GA\u30af\u30e9\u30b9\u7528-\u5199\u771f-711x400.png 711w, https:\/\/gaclass-eng.com\/wp-content\/uploads\/2023\/10\/GA\u30af\u30e9\u30b9\u7528-\u5199\u771f-768x432.png 768w\" sizes=\"auto, (max-width: 1366px) 100vw, 1366px\" \/><\/div>\n            \n<style>\n#banner-749115161 .bg.bg-loaded {\n  background-image: url(https:\/\/gaclass-eng.com\/wp-content\/uploads\/2023\/10\/GA\u30af\u30e9\u30b9\u7528-\u5199\u771f.png);\n}\n#banner-749115161 .bg {\n  background-position: 48% 50%;\n}\n#banner-749115161 .ux-shape-divider--top svg {\n  height: 150px;\n  --divider-top-width: 100%;\n}\n#banner-749115161 .ux-shape-divider--bottom svg {\n  height: 150px;\n  --divider-width: 100%;\n}\n<\/style>\n  <\/div>\n\n\n\n  <div class=\"banner has-hover hide-for-medium\" id=\"banner-1510473949\">\n          <div class=\"banner-inner fill\">\n        <div class=\"banner-bg fill\" >\n            <div class=\"bg fill bg-fill \"><\/div>\n                        <div class=\"overlay\"><\/div>            \n                    <\/div>\n\t\t\n        <div class=\"banner-layers container\">\n            <div class=\"fill banner-link\"><\/div>            \n\n   <div id=\"text-box-806589814\" class=\"text-box banner-layer x50 md-x50 lg-x50 y50 md-y50 lg-y50 res-text\">\n                                <div class=\"text-box-content text dark\">\n              \n              <div class=\"text-inner text-center\">\n                  \n\n\t<div id=\"text-858791336\" class=\"text\">\n\t\t\n\n<h3 style=\"text-align: center;\">Ch\u00fang t\u00f4i t\u00ecm ki\u1ebfm nh\u1eefng nh\u00e2n t\u00e0i t\u1ed1t nghi\u1ec7p Khoa h\u1ecdc T\u1ef1 nhi\u00ean<\/h3>\n<h1 style=\"text-align: center;\"><span style=\"font-size: 130%;\">G.A. Consultants<\/span><\/h1>\n\t\t\n<style>\n#text-858791336 {\n  color: rgb(255, 255, 255);\n}\n#text-858791336 > * {\n  color: rgb(255, 255, 255);\n}\n<\/style>\n\t<\/div>\n\t\n\n              <\/div>\n           <\/div>\n                            \n<style>\n#text-box-806589814 {\n  width: 60%;\n}\n#text-box-806589814 .text-box-content {\n  font-size: 100%;\n}\n<\/style>\n    <\/div>\n \n\n        <\/div>\n      <\/div>\n\n            \n<style>\n#banner-1510473949 {\n  padding-top: 400px;\n}\n#banner-1510473949 .bg.bg-loaded {\n  background-image: url(https:\/\/gaclass-eng.com\/wp-content\/uploads\/2023\/10\/GA\u30af\u30e9\u30b9\u7528-\u5199\u771f.png);\n}\n#banner-1510473949 .overlay {\n  background-color: rgba(162, 156, 156, 0.349);\n}\n#banner-1510473949 .bg {\n  background-position: 53% 93%;\n}\n#banner-1510473949 .ux-shape-divider--top svg {\n  height: 150px;\n  --divider-top-width: 100%;\n}\n#banner-1510473949 .ux-shape-divider--bottom svg {\n  height: 150px;\n  --divider-width: 100%;\n}\n<\/style>\n  <\/div>\n\n\n\t<section class=\"section hide-for-medium\" id=\"section_816006282\">\n\t\t<div class=\"bg section-bg fill bg-fill  bg-loaded\" >\n\n\t\t\t\n\t\t\t\n\t\t\t\n\n\t\t<\/div>\n\n\t\t\n\n\t\t<div class=\"section-content relative\">\n\t\t\t\n\n\t<div id=\"gap-408814918\" class=\"gap-element clearfix\" style=\"display:block; height:auto;\">\n\t\t\n<style>\n#gap-408814918 {\n  padding-top: 50px;\n}\n<\/style>\n\t<\/div>\n\t\n\n  <div class=\"banner-grid-wrapper\">\n  <div id=\"banner-grid-1622404118\" class=\"banner-grid row row-grid row-small\" data-packery-options=\"\">\n                      \n\n<div class=\"col grid-col large-6 grid-col-1\" ><div class=\"col-inner\">\n\n<div class=\"slider-wrapper relative hide-for-medium\" id=\"slider-1126748662\" >\n    <div class=\"slider slider-nav-dots-simple slider-nav-simple slider-nav-normal slider-nav-light slider-nav-outside slider-style-container\"\n        data-flickity-options='{\n            \"cellAlign\": \"center\",\n            \"imagesLoaded\": true,\n            \"lazyLoad\": 1,\n            \"freeScroll\": false,\n            \"wrapAround\": true,\n            \"autoPlay\": 4000,\n            \"pauseAutoPlayOnHover\" : false,\n            \"prevNextButtons\": true,\n            \"contain\" : true,\n            \"adaptiveHeight\" : true,\n            \"dragThreshold\" : 10,\n            \"percentPosition\": true,\n            \"pageDots\": true,\n            \"rightToLeft\": false,\n            \"draggable\": true,\n            \"selectedAttraction\": 0.1,\n            \"parallax\" : 0,\n            \"friction\": 0.6        }'\n        >\n        \n\n\t<div class=\"img has-hover hide-for-medium x md-x lg-x y md-y lg-y\" id=\"image_1578949653\">\n\t\t\t\t\t\t\t\t<div class=\"img-inner image-cover dark\" style=\"padding-top:350px;\">\n\t\t\t<img loading=\"lazy\" decoding=\"async\" width=\"1020\" height=\"765\" src=\"https:\/\/gaclass-eng.com\/wp-content\/uploads\/2023\/10\/\u2460-1067x800.jpg\" class=\"attachment-large size-large\" alt=\"\" srcset=\"https:\/\/gaclass-eng.com\/wp-content\/uploads\/2023\/10\/\u2460-1067x800.jpg 1067w, https:\/\/gaclass-eng.com\/wp-content\/uploads\/2023\/10\/\u2460-533x400.jpg 533w, https:\/\/gaclass-eng.com\/wp-content\/uploads\/2023\/10\/\u2460-768x576.jpg 768w, https:\/\/gaclass-eng.com\/wp-content\/uploads\/2023\/10\/\u2460-1536x1152.jpg 1536w, https:\/\/gaclass-eng.com\/wp-content\/uploads\/2023\/10\/\u2460-2048x1536.jpg 2048w\" sizes=\"auto, (max-width: 1020px) 100vw, 1020px\" \/>\t\t\t\t\t\t\n\t\t\t\t\t<\/div>\n\t\t\t\t\t\t\t\t\n<style>\n#image_1578949653 {\n  width: 100%;\n}\n<\/style>\n\t<\/div>\n\t\n\n\t<div class=\"img has-hover x md-x lg-x y md-y lg-y\" id=\"image_599294102\">\n\t\t\t\t\t\t\t\t<div class=\"img-inner image-cover dark\" style=\"padding-top:350px;\">\n\t\t\t<img loading=\"lazy\" decoding=\"async\" width=\"1020\" height=\"763\" src=\"https:\/\/gaclass-eng.com\/wp-content\/uploads\/2023\/10\/\u65e5\u672c\u8a9e-1069x800.jpg\" class=\"attachment-large size-large\" alt=\"\" srcset=\"https:\/\/gaclass-eng.com\/wp-content\/uploads\/2023\/10\/\u65e5\u672c\u8a9e-1069x800.jpg 1069w, https:\/\/gaclass-eng.com\/wp-content\/uploads\/2023\/10\/\u65e5\u672c\u8a9e-535x400.jpg 535w, https:\/\/gaclass-eng.com\/wp-content\/uploads\/2023\/10\/\u65e5\u672c\u8a9e-768x575.jpg 768w, https:\/\/gaclass-eng.com\/wp-content\/uploads\/2023\/10\/\u65e5\u672c\u8a9e.jpg 1200w\" sizes=\"auto, (max-width: 1020px) 100vw, 1020px\" \/>\t\t\t\t\t\t\n\t\t\t\t\t<\/div>\n\t\t\t\t\t\t\t\t\n<style>\n#image_599294102 {\n  width: 100%;\n}\n<\/style>\n\t<\/div>\n\t\n\n\t<div class=\"img has-hover x md-x lg-x y md-y lg-y\" id=\"image_2096242667\">\n\t\t\t\t\t\t\t\t<div class=\"img-inner image-cover dark\" style=\"padding-top:350px;\">\n\t\t\t<img loading=\"lazy\" decoding=\"async\" width=\"1020\" height=\"573\" src=\"https:\/\/gaclass-eng.com\/wp-content\/uploads\/2023\/10\/GA\u30af\u30e9\u30b9\u7528-\u5199\u771f.png\" class=\"attachment-large size-large\" alt=\"\" srcset=\"https:\/\/gaclass-eng.com\/wp-content\/uploads\/2023\/10\/GA\u30af\u30e9\u30b9\u7528-\u5199\u771f.png 1366w, https:\/\/gaclass-eng.com\/wp-content\/uploads\/2023\/10\/GA\u30af\u30e9\u30b9\u7528-\u5199\u771f-711x400.png 711w, https:\/\/gaclass-eng.com\/wp-content\/uploads\/2023\/10\/GA\u30af\u30e9\u30b9\u7528-\u5199\u771f-768x432.png 768w\" sizes=\"auto, (max-width: 1020px) 100vw, 1020px\" \/>\t\t\t\t\t\t\n\t\t\t\t\t<\/div>\n\t\t\t\t\t\t\t\t\n<style>\n#image_2096242667 {\n  width: 100%;\n}\n<\/style>\n\t<\/div>\n\t\n\n\n     <\/div>\n\n     <div class=\"loading-spin dark large centered\"><\/div>\n\n     \t<\/div>\n\n\n\n<\/div><\/div>\n<div class=\"col grid-col large-6 grid-col-1-3\" ><div class=\"col-inner\">\n\n\n  <div class=\"banner has-hover\" id=\"banner-241470844\">\n          <div class=\"banner-inner fill\">\n        <div class=\"banner-bg fill\" >\n            <div class=\"bg fill bg-fill \"><\/div>\n                                    \n                    <\/div>\n\t\t\n        <div class=\"banner-layers container\">\n            <div class=\"fill banner-link\"><\/div>            \n\n   <div id=\"text-box-429954222\" class=\"text-box banner-layer x0 md-x0 lg-x0 y0 md-y0 lg-y0 res-text\">\n                                <div class=\"text-box-content text \">\n              \n              <div class=\"text-inner text-center\">\n                  \n\n\t<div id=\"text-1460695937\" class=\"text\">\n\t\t\n\n<h3><span style=\"font-size: 140%;\"><strong> Sinh vi\u00ean m\u1edbi t\u1ed1t nghi\u1ec7p t\u1ea1i G.A. Consultants<\/strong><\/span><\/h3>\n<h1 style=\"text-align: center;\"><span style=\"font-size: 120%;\"><strong><span style=\"color: #43a047;\"> 3 \u0111i\u1ec3m thu h\u00fat<\/span><\/strong><\/span><\/h1>\n\t\t\n<style>\n#text-1460695937 {\n  line-height: 3;\n}\n<\/style>\n\t<\/div>\n\t\n<div class=\"text-center\"><div class=\"is-divider divider clearfix\" style=\"max-width:100px;height:4px;background-color:rgb(67, 160, 71);\"><\/div><\/div>\n\n<div class=\"row row-collapse align-middle align-center\"  id=\"row-1344724256\">\n\n\n\t<div id=\"col-938697826\" class=\"col medium-2 small-12 large-2\"  >\n\t\t\t\t<div class=\"col-inner\"  >\n\t\t\t\n\t\t\t\n\n\n\t\t<\/div>\n\t\t\t\t\t<\/div>\n\n\t\n\n\t<div id=\"col-814361827\" class=\"col medium-10 small-12 large-10\"  >\n\t\t\t\t<div class=\"col-inner\"  >\n\t\t\t\n\t\t\t\n\n\t<div id=\"text-1476061731\" class=\"text\">\n\t\t\n\n<p style=\"text-align: left;\"><span style=\"font-size: 200%;\">\u2460 \u1ee8ng vi\u00ean xu\u1ea5t th\u00e2n t\u1eeb <strong>c\u00e1c tr\u01b0\u1eddng \u0111\u1ea1i h\u1ecdc k\u1ef9 thu\u1eadt h\u00e0ng \u0111\u1ea7u Vi\u1ec7t Nam<\/strong><\/span><\/p>\n<p style=\"text-align: left;\"><span style=\"font-size: 200%;\">\u2461 K\u1ef9 n\u0103ng <strong>h\u1ed9i tho\u1ea1i<\/strong> &#8211; ti\u1ebfng Nh\u1eadt cao \u0111\u01b0\u1ee3c trau d\u1ed3i b\u1edfi <strong>gi\u00e1o vi\u00ean ng\u01b0\u1eddi Nh\u1eadt<\/strong><\/span><\/p>\n<p style=\"text-align: left;\"><span style=\"font-size: 200%;\">\u2462 M\u1ed9t n\u0103m h\u1ecdc d\u01b0\u1edbi s\u1ef1 <strong>gi\u00e1o d\u1ee5c to\u00e0n di\u1ec7n v\u1ec1 m\u1ed9t s\u1ed1 quy t\u1eafc \u1edf Nh\u1eadt B\u1ea3n<\/strong><\/span><\/p>\n<p style=\"text-align: left;\"><span style=\"font-size: 150%;\"><a href=\"https:\/\/gaclass-eng.com\/vi\/lop-hoc-ga\/\" class=\"button primary is-primary is-medium\"  >\n    <span>Chi ti\u1ebft<\/span>\n  <\/a>\n<\/span><\/p>\n<p style=\"text-align: center;\"> <\/p>\n\t\t\n<style>\n#text-1476061731 {\n  text-align: left;\n}\n<\/style>\n\t<\/div>\n\t\n\n\t\t<\/div>\n\t\t\t\t\t<\/div>\n\n\t\n\n<\/div>\n\n              <\/div>\n           <\/div>\n                            \n<style>\n#text-box-429954222 {\n  width: 100%;\n}\n#text-box-429954222 .text-box-content {\n  font-size: 100%;\n}\n<\/style>\n    <\/div>\n \n\n        <\/div>\n      <\/div>\n\n            \n<style>\n#banner-241470844 {\n  padding-top: 500px;\n  background-color: rgb(255,255,255);\n}\n#banner-241470844 .ux-shape-divider--top svg {\n  height: 150px;\n  --divider-top-width: 100%;\n}\n#banner-241470844 .ux-shape-divider--bottom svg {\n  height: 150px;\n  --divider-width: 100%;\n}\n<\/style>\n  <\/div>\n\n\n\n<\/div><\/div>\n\n            <\/div>\n    <style>\n    #banner-grid-1622404118 .grid-col-1{height: 350px}\n    #banner-grid-1622404118 .grid-col-1-2{height: 175px}\n    #banner-grid-1622404118 .grid-col-1-3{height:116.66666666667px}\n    #banner-grid-1622404118 .grid-col-2-3{height: 233.33333333333px}\n    #banner-grid-1622404118 .grid-col-1-4{height: 87.5px}\n    #banner-grid-1622404118 .grid-col-3-4{height: 262.5px}\n\n\n    \n    \n\n  <\/style>\n    <\/div>\n  \n\n\t\t<\/div>\n\n\t\t\n<style>\n#section_816006282 {\n  padding-top: 50px;\n  padding-bottom: 50px;\n}\n#section_816006282 .ux-shape-divider--top svg {\n  height: 150px;\n  --divider-top-width: 100%;\n}\n#section_816006282 .ux-shape-divider--bottom svg {\n  height: 150px;\n  --divider-width: 100%;\n}\n@media (min-width:550px) {\n  #section_816006282 {\n    padding-top: 0px;\n    padding-bottom: 0px;\n  }\n}\n<\/style>\n\t<\/section>\n\t\n\t<section class=\"section show-for-small\" id=\"section_1674010289\">\n\t\t<div class=\"bg section-bg fill bg-fill  bg-loaded\" >\n\n\t\t\t\n\t\t\t\n\t\t\t\n\n\t\t<\/div>\n\n\t\t\n\n\t\t<div class=\"section-content relative\">\n\t\t\t\n\n\t<div id=\"gap-1851991957\" class=\"gap-element clearfix\" style=\"display:block; height:auto;\">\n\t\t\n<style>\n#gap-1851991957 {\n  padding-top: 30px;\n}\n<\/style>\n\t<\/div>\n\t\n\n<div class=\"row\"  id=\"row-1381554891\">\n\n\n\t<div id=\"col-389612811\" class=\"col small-12 large-12\"  >\n\t\t\t\t<div class=\"col-inner\"  >\n\t\t\t\n\t\t\t\n\n\n  <div class=\"banner has-hover\" id=\"banner-994819250\">\n          <div class=\"banner-inner fill\">\n        <div class=\"banner-bg fill\" >\n            <div class=\"bg fill bg-fill \"><\/div>\n                                    \n                    <\/div>\n\t\t\n        <div class=\"banner-layers container\">\n            <div class=\"fill banner-link\"><\/div>            \n\n   <div id=\"text-box-1882780103\" class=\"text-box banner-layer x0 md-x0 lg-x0 y0 md-y0 lg-y0 res-text\">\n                                <div class=\"text-box-content text \">\n              \n              <div class=\"text-inner text-center\">\n                  \n\n<h3><span style=\"font-size: 105%;\"><strong>nh\u00e2n l\u1ef1c m\u1edbi t\u1ed1t nghi\u1ec7p t\u1ea1i G.A. Consultants<\/strong><\/span><\/h3>\n<h3 style=\"text-align: center;\"><span style=\"font-size: 105%;\"><strong><span style=\"color: #43a047;\"> 3 \u0111i\u1ec3m thu h\u00fat<\/span><\/strong><\/span><\/h3>\n<div class=\"text-center\"><div class=\"is-divider divider clearfix\" style=\"max-width:100px;height:4px;background-color:rgb(67, 160, 71);\"><\/div><\/div>\n\n\t<div id=\"text-2998820128\" class=\"text\">\n\t\t\n\n<p style=\"text-align: left;\"><span style=\"font-size: 147%;\"> \u2460\u1ee8ng vi\u00ean xu\u1ea5t th\u00e2n t\u1eeb <strong>c\u00e1c tr\u01b0\u1eddng \u0111\u1ea1i h\u1ecdc k\u1ef9 thu\u1eadt h\u00e0ng \u0111\u1ea7u Vi\u1ec7t Nam<\/strong><\/span><\/p>\n<p style=\"text-align: left;\"><span style=\"font-size: 147%;\"> \u2461K\u1ef9 n\u0103ng <strong>h\u1ed9i tho\u1ea1i<\/strong> &#8211; ti\u1ebfng Nh\u1eadt cao \u0111\u01b0\u1ee3c trau d\u1ed3i b\u1edfi <strong>gi\u00e1o vi\u00ean ng\u01b0\u1eddi Nh\u1eadt<\/strong><\/span><\/p>\n<p style=\"text-align: left;\"><span style=\"font-size: 147%;\"> \u2462M\u1ed9t n\u0103m h\u1ecdc d\u01b0\u1edbi s\u1ef1 <strong>gi\u00e1o d\u1ee5c to\u00e0n di\u1ec7n v\u1ec1 m\u1ed9t s\u1ed1 quy t\u1eafc \u1edf Nh\u1eadt B\u1ea3n<\/strong><\/span><\/p>\n<p style=\"text-align: left;\"><span style=\"font-size: 100%;\">                                       <span style=\"font-size: 140%;\"> <a href=\"https:\/\/gaclass-eng.com\/vi\/lop-hoc-ga\/\" class=\"button primary is-primary is-medium\"  >\n    <span>Chi ti\u1ebft<\/span>\n  <\/a>\n<\/span><\/span><\/p>\n\t\t\n<style>\n#text-2998820128 {\n  text-align: left;\n}\n<\/style>\n\t<\/div>\n\t\n\n              <\/div>\n           <\/div>\n                            \n<style>\n#text-box-1882780103 {\n  width: 100%;\n}\n#text-box-1882780103 .text-box-content {\n  font-size: 100%;\n}\n<\/style>\n    <\/div>\n \n\n        <\/div>\n      <\/div>\n\n            \n<style>\n#banner-994819250 {\n  padding-top: 330px;\n  background-color: rgb(255,255,255);\n}\n#banner-994819250 .ux-shape-divider--top svg {\n  height: 150px;\n  --divider-top-width: 100%;\n}\n#banner-994819250 .ux-shape-divider--bottom svg {\n  height: 150px;\n  --divider-width: 100%;\n}\n<\/style>\n  <\/div>\n\n\n\n\t\t<\/div>\n\t\t\t\t\t<\/div>\n\n\t\n\n<\/div>\n\n\t\t<\/div>\n\n\t\t\n<style>\n#section_1674010289 {\n  padding-top: 0px;\n  padding-bottom: 0px;\n}\n#section_1674010289 .ux-shape-divider--top svg {\n  height: 150px;\n  --divider-top-width: 100%;\n}\n#section_1674010289 .ux-shape-divider--bottom svg {\n  height: 150px;\n  --divider-width: 100%;\n}\n<\/style>\n\t<\/section>\n\t\n\t<section class=\"section\" id=\"section_467071710\">\n\t\t<div class=\"bg section-bg fill bg-fill  bg-loaded\" >\n\n\t\t\t\n\t\t\t\n\t\t\t\n\n\t\t<\/div>\n\n\t\t\n\n\t\t<div class=\"section-content relative\">\n\t\t\t\n\n\t<div id=\"gap-897342877\" class=\"gap-element clearfix\" style=\"display:block; height:auto;\">\n\t\t\n<style>\n#gap-897342877 {\n  padding-top: 50px;\n}\n<\/style>\n\t<\/div>\n\t\n\n<div class=\"row\"  id=\"row-716210217\">\n\n\n\t<div id=\"col-1075878480\" class=\"col small-12 large-12\"  >\n\t\t\t\t<div class=\"col-inner\"  >\n\t\t\t\n\t\t\t\n\n\t<div id=\"text-919698150\" class=\"text\">\n\t\t\n\n<h1 style=\"text-align: center;\"><span class=\"color_41\" style=\"font-size: 160%;\">Th\u00f4ng b\u00e1o<\/span><\/h1>\n\t\t\n<style>\n#text-919698150 {\n  text-align: center;\n}\n<\/style>\n\t<\/div>\n\t\n<div class=\"text-center\"><div class=\"is-divider divider clearfix\" style=\"margin-top:0.4em;margin-bottom:0.4em;max-width:100px;height:4px;background-color:rgb(67, 160, 71);\"><\/div><\/div>\n\n\n\t\t<\/div>\n\t\t\t\t\t<\/div>\n\n\t\n\n\t<div id=\"col-1004340459\" class=\"col small-12 large-12\"  >\n\t\t\t\t<div class=\"col-inner\"  >\n\t\t\t\n\t\t\t\n\n\n  \n    <div class=\"row large-columns-3 medium-columns- small-columns-1 row-collapse slider row-slider slider-nav-reveal slider-nav-push\"  data-flickity-options='{\"imagesLoaded\": true, \"groupCells\": \"100%\", \"dragThreshold\" : 5, \"cellAlign\": \"left\",\"wrapAround\": true,\"prevNextButtons\": true,\"percentPosition\": true,\"pageDots\": false, \"rightToLeft\": false, \"autoPlay\" : false}'>\n\n  <\/div>\n\n\n\t\t<\/div>\n\t\t\t\t\t<\/div>\n\n\t\n\n<\/div>\n\n\t\t<\/div>\n\n\t\t\n<style>\n#section_467071710 {\n  padding-top: 0px;\n  padding-bottom: 0px;\n}\n#section_467071710 .ux-shape-divider--top svg {\n  height: 150px;\n  --divider-top-width: 100%;\n}\n#section_467071710 .ux-shape-divider--bottom svg {\n  height: 150px;\n  --divider-width: 100%;\n}\n<\/style>\n\t<\/section>\n\t\n\t<section class=\"section hide-for-medium\" id=\"section_1310727491\">\n\t\t<div class=\"bg section-bg fill bg-fill  bg-loaded\" >\n\n\t\t\t\n\t\t\t\n\t\t\t\n\n\t\t<\/div>\n\n\t\t\n\n\t\t<div class=\"section-content relative\">\n\t\t\t\n\n<div class=\"row align-center\"  id=\"row-135136978\">\n\n\n\t<div id=\"col-846992903\" class=\"col small-12 large-12\"  >\n\t\t\t\t<div class=\"col-inner text-center\" style=\"background-color:rgb(244, 244, 244);\" >\n\t\t\t\n\t\t\t\n\n<h2 style=\"text-align: center;\"><span style=\"font-size: 140%;\">Li\u00ean h\u1ec7 t\u1ea1i \u0111\u00e2y<\/span><\/h2>\n<p style=\"text-align: center;\"><span style=\"font-size: 100%;\">\u0110\u1ec3 bi\u1ebft th\u00eam th\u00f4ng tin chi ti\u1ebft h\u00e3y li\u00ean h\u1ec7 v\u1edbi ch\u00fang t\u00f4i<\/span><\/p>\n<a rel=\"noopener noreferrer\" href=\"https:\/\/gaclass-eng.com\/vi\/lien-he\/\" target=\"_blank\" class=\"button secondary is-secondary is-medium\"  >\n    <span>T\u01b0 v\u1ea5n\u30fby\u00eau c\u1ea7u th\u00f4ng tin mi\u1ec5n ph\u00ed<\/span>\n  <\/a>\n\n<p style=\"text-align: center;\"> <\/p>\n\n\t\t<\/div>\n\t\t\t\t\t<\/div>\n\n\t\n\n\n<style>\n#row-135136978 > .col > .col-inner {\n  padding: 40px 20px 40px 20px;\n  background-color: rgb(244, 244, 244);\n}\n@media (min-width:550px) {\n  #row-135136978 > .col > .col-inner {\n    padding: 40px 40px 40px 40px;\n  }\n}\n<\/style>\n<\/div>\n\n\t\t<\/div>\n\n\t\t\n<style>\n#section_1310727491 {\n  padding-top: 0px;\n  padding-bottom: 0px;\n}\n#section_1310727491 .ux-shape-divider--top svg {\n  height: 150px;\n  --divider-top-width: 100%;\n}\n#section_1310727491 .ux-shape-divider--bottom svg {\n  height: 150px;\n  --divider-width: 100%;\n}\n<\/style>\n\t<\/section>\n\t\n\t<section class=\"section show-for-medium\" id=\"section_1042165516\">\n\t\t<div class=\"bg section-bg fill bg-fill  bg-loaded\" >\n\n\t\t\t\n\t\t\t\n\t\t\t\n\n\t\t<\/div>\n\n\t\t\n\n\t\t<div class=\"section-content relative\">\n\t\t\t\n\n<div class=\"row align-center\"  id=\"row-917254525\">\n\n\n\t<div id=\"col-1200754989\" class=\"col small-12 large-12\"  >\n\t\t\t\t<div class=\"col-inner text-center\" style=\"background-color:rgb(244, 244, 244);\" >\n\t\t\t\n\t\t\t\n\n<h2 style=\"text-align: center;\"><span style=\"font-size: 140%;\">Li\u00ean h\u1ec7 t\u1ea1i \u0111\u00e2y<\/span><\/h2>\n<p style=\"text-align: center;\"><span style=\"font-size: 90%;\">\u0110\u1ec3 bi\u1ebft th\u00eam th\u00f4ng tin chi ti\u1ebft h\u00e3y li\u00ean h\u1ec7 v\u1edbi ch\u00fang t\u00f4i<\/span><\/p>\n<a href=\"https:\/\/gaclass.click\/otoawase\/\" target=\"_self\" class=\"button secondary is-secondary is-medium\"  >\n    <span>T\u01b0 v\u1ea5n\u30fby\u00eau c\u1ea7u th\u00f4ng tin mi\u1ec5n ph\u00ed<\/span>\n  <\/a>\n\n<p style=\"text-align: center;\"> <\/p>\n\n\t\t<\/div>\n\t\t\t\t\t<\/div>\n\n\t\n\n\n<style>\n#row-917254525 > .col > .col-inner {\n  padding: 40px 20px 40px 20px;\n  background-color: rgb(244, 244, 244);\n}\n@media (min-width:550px) {\n  #row-917254525 > .col > .col-inner {\n    padding: 40px 40px 40px 40px;\n  }\n}\n<\/style>\n<\/div>\n\n\t\t<\/div>\n\n\t\t\n<style>\n#section_1042165516 {\n  padding-top: 0px;\n  padding-bottom: 0px;\n}\n#section_1042165516 .ux-shape-divider--top svg {\n  height: 150px;\n  --divider-top-width: 100%;\n}\n#section_1042165516 .ux-shape-divider--bottom svg {\n  height: 150px;\n  --divider-width: 100%;\n}\n<\/style>\n\t<\/section>\n\t\n\n","protected":false},"excerpt":{"rendered":"","protected":false},"author":1,"featured_media":0,"parent":0,"menu_order":0,"comment_status":"closed","ping_status":"closed","template":"page-blank.php","meta":{"footnotes":""},"class_list":["post-3581","page","type-page","status-publish","hentry"],"_links":{"self":[{"href":"https:\/\/gaclass-eng.com\/vi\/wp-json\/wp\/v2\/pages\/3581","targetHints":{"allow":["GET"]}}],"collection":[{"href":"https:\/\/gaclass-eng.com\/vi\/wp-json\/wp\/v2\/pages"}],"about":[{"href":"https:\/\/gaclass-eng.com\/vi\/wp-json\/wp\/v2\/types\/page"}],"author":[{"embeddable":true,"href":"https:\/\/gaclass-eng.com\/vi\/wp-json\/wp\/v2\/users\/1"}],"replies":[{"embeddable":true,"href":"https:\/\/gaclass-eng.com\/vi\/wp-json\/wp\/v2\/comments?post=3581"}],"version-history":[{"count":3,"href":"https:\/\/gaclass-eng.com\/vi\/wp-json\/wp\/v2\/pages\/3581\/revisions"}],"predecessor-version":[{"id":3610,"href":"https:\/\/gaclass-eng.com\/vi\/wp-json\/wp\/v2\/pages\/3581\/revisions\/3610"}],"wp:attachment":[{"href":"https:\/\/gaclass-eng.com\/vi\/wp-json\/wp\/v2\/media?parent=3581"}],"curies":[{"name":"wp","href":"https:\/\/api.w.org\/{rel}","templated":true}]}}