{"id":3594,"date":"2023-10-18T03:16:25","date_gmt":"2023-10-18T03:16:25","guid":{"rendered":"https:\/\/gaclass-eng.com\/diem-manh-dich-vu-cua-chung-toi\/"},"modified":"2024-03-07T08:10:32","modified_gmt":"2024-03-07T08:10:32","slug":"diem-manh-dich-vu-cua-chung-toi","status":"publish","type":"page","link":"https:\/\/gaclass-eng.com\/vi\/diem-manh-dich-vu-cua-chung-toi\/","title":{"rendered":"\u0110i\u1ec3m m\u1ea1nh d\u1ecbch v\u1ee5 c\u1ee7a ch\u00fang t\u00f4i"},"content":{"rendered":"\n\n  <div class=\"banner has-hover hide-for-medium\" id=\"banner-1876308904\">\n          <div class=\"banner-inner fill\">\n        <div class=\"banner-bg fill\" >\n            <div class=\"bg fill bg-fill \"><\/div>\n                        <div class=\"overlay\"><\/div>            \n                    <\/div>\n\t\t\n        <div class=\"banner-layers container\">\n            <div class=\"fill banner-link\"><\/div>            \n\n   <div id=\"text-box-1745284792\" class=\"text-box banner-layer x50 md-x50 lg-x50 y50 md-y50 lg-y50 res-text\">\n                                <div class=\"text-box-content text dark\">\n              \n              <div class=\"text-inner text-center\">\n                  \n\n\t<div id=\"text-2607519746\" class=\"text\">\n\t\t\n\n<h1><span style=\"font-size: 100%;\">\u0110i\u1ec3m m\u1ea1nh d\u1ecbch v\u1ee5 c\u1ee7a ch\u00fang t\u00f4i<\/span><\/h1>\n\n\t\t\n<style>\n#text-2607519746 {\n  text-align: center;\n}\n<\/style>\n\t<\/div>\n\t\n<div class=\"text-center\"><div class=\"is-divider divider clearfix\" style=\"max-width:433px;background-color:rgb(255, 255, 255);\"><\/div><\/div>\n\n\t<div id=\"text-3669354373\" class=\"text\">\n\t\t\n\n<h3>Ch\u00fang t\u00f4i v\u1eadn d\u1ee5ng kinh nghi\u1ec7m \u0111\u00e3 \u0111\u01b0\u1ee3c trau d\u1ed3i qua nhi\u1ec1u n\u0103m t\u1ea1i Vi\u1ec7t Nam<\/h3>\n\t\t\n<style>\n#text-3669354373 {\n  text-align: center;\n}\n<\/style>\n\t<\/div>\n\t\n\n              <\/div>\n           <\/div>\n                            \n<style>\n#text-box-1745284792 {\n  width: 100%;\n}\n#text-box-1745284792 .text-box-content {\n  font-size: 100%;\n}\n<\/style>\n    <\/div>\n \n\n        <\/div>\n      <\/div>\n\n            \n<style>\n#banner-1876308904 {\n  padding-top: 400px;\n}\n#banner-1876308904 .bg.bg-loaded {\n  background-image: url(https:\/\/gaclass-eng.com\/wp-content\/uploads\/2023\/11\/\u30ad\u30e3\u30d7\u30c1\u30e3-1400x398.png);\n}\n#banner-1876308904 .overlay {\n  background-color: rgba(165, 160, 160, 0.366);\n}\n#banner-1876308904 .bg {\n  background-position: 0% 57%;\n}\n#banner-1876308904 .ux-shape-divider--top svg {\n  height: 150px;\n  --divider-top-width: 100%;\n}\n#banner-1876308904 .ux-shape-divider--bottom svg {\n  height: 150px;\n  --divider-width: 100%;\n}\n<\/style>\n  <\/div>\n\n\n\n  <div class=\"banner has-hover show-for-medium\" id=\"banner-1006236928\">\n          <div class=\"banner-inner fill\">\n        <div class=\"banner-bg fill\" >\n            <div class=\"bg fill bg-fill \"><\/div>\n                        <div class=\"overlay\"><\/div>            \n                    <\/div>\n\t\t\n        <div class=\"banner-layers container\">\n            <div class=\"fill banner-link\"><\/div>            \n\n   <div id=\"text-box-508702626\" class=\"text-box banner-layer x50 md-x50 lg-x50 y50 md-y50 lg-y50 res-text\">\n                                <div class=\"text-box-content text dark\">\n              \n              <div class=\"text-inner text-center\">\n                  \n\n\t<div id=\"text-170345189\" class=\"text\">\n\t\t\n\n<h1><span style=\"font-size: 100%;\">\u0110i\u1ec3m m\u1ea1nh d\u1ecbch v\u1ee5 c\u1ee7a ch\u00fang t\u00f4i<\/span><\/h1>\n\n\t\t\n<style>\n#text-170345189 {\n  text-align: center;\n}\n<\/style>\n\t<\/div>\n\t\n<div class=\"text-center\"><div class=\"is-divider divider clearfix\" style=\"max-width:433px;background-color:rgb(255, 255, 255);\"><\/div><\/div>\n\n\t<div id=\"text-2233595623\" class=\"text\">\n\t\t\n\n<h3>Ch\u00fang t\u00f4i v\u1eadn d\u1ee5ng kinh nghi\u1ec7m \u0111\u00e3 \u0111\u01b0\u1ee3c trau d\u1ed3i qua nhi\u1ec1u n\u0103m t\u1ea1i Vi\u1ec7t Nam<\/h3>\n\t\t\n<style>\n#text-2233595623 {\n  text-align: center;\n}\n<\/style>\n\t<\/div>\n\t\n\n              <\/div>\n           <\/div>\n                            \n<style>\n#text-box-508702626 {\n  width: 100%;\n}\n#text-box-508702626 .text-box-content {\n  font-size: 100%;\n}\n<\/style>\n    <\/div>\n \n\n        <\/div>\n      <\/div>\n\n            \n<style>\n#banner-1006236928 {\n  padding-top: 200px;\n}\n#banner-1006236928 .bg.bg-loaded {\n  background-image: url(https:\/\/gaclass-eng.com\/wp-content\/uploads\/2023\/11\/\u30ad\u30e3\u30d7\u30c1\u30e3-1400x398.png);\n}\n#banner-1006236928 .overlay {\n  background-color: rgba(165, 160, 160, 0.366);\n}\n#banner-1006236928 .bg {\n  background-position: 0% 57%;\n}\n#banner-1006236928 .ux-shape-divider--top svg {\n  height: 150px;\n  --divider-top-width: 100%;\n}\n#banner-1006236928 .ux-shape-divider--bottom svg {\n  height: 150px;\n  --divider-width: 100%;\n}\n<\/style>\n  <\/div>\n\n\n\t<section class=\"section\" id=\"section_1730841699\">\n\t\t<div class=\"bg section-bg fill bg-fill  bg-loaded\" >\n\n\t\t\t\n\t\t\t\n\t\t\t\n\n\t\t<\/div>\n\n\t\t\n\n\t\t<div class=\"section-content relative\">\n\t\t\t\n\n\t<div id=\"gap-1283297320\" class=\"gap-element clearfix\" style=\"display:block; height:auto;\">\n\t\t\n<style>\n#gap-1283297320 {\n  padding-top: 50px;\n}\n<\/style>\n\t<\/div>\n\t\n\n<div class=\"row\"  id=\"row-1069635469\">\n\n\n\t<div id=\"col-1874319894\" class=\"col small-12 large-12\"  >\n\t\t\t\t<div class=\"col-inner\"  >\n\t\t\t\n\t\t\t\n\n\t<div id=\"text-1293488024\" class=\"text cf-title-08\">\n\t\t\n\n<h1 style=\"text-align: center;\"><span style=\"font-size: 160%; color: #282828;\">\u0110i\u1ec3m m\u1ea1nh d\u1ecbch v\u1ee5 c\u1ee7a ch\u00fang t\u00f4i<\/span><\/h1>\n\t\t\t<\/div>\n\t\n<div class=\"text-center\"><div class=\"is-divider divider clearfix\" style=\"max-width:100px;height:4px;background-color:rgb(67, 160, 71);\"><\/div><\/div>\n\n\n\t\t<\/div>\n\t\t\t\t\t<\/div>\n\n\t\n\n<\/div>\n<div class=\"row row-large\"  id=\"row-1963254218\">\n\n\n\t<div id=\"col-1143553324\" class=\"col medium-4 small-12 large-4\"  >\n\t\t\t\t<div class=\"col-inner\"  >\n\t\t\t\n\t\t\t\n\n\n\t\t<div class=\"icon-box featured-box icon-box-center text-center\"  >\n\t\t\t\t\t<div class=\"icon-box-img\" style=\"width: 190px\">\n\t\t\t\t<div class=\"icon\">\n\t\t\t\t\t<div class=\"icon-inner\" >\n\t\t\t\t\t\t<img loading=\"lazy\" decoding=\"async\" width=\"200\" height=\"200\" src=\"https:\/\/gaclass-eng.com\/wp-content\/uploads\/2023\/10\/s-200x200_webp_4963b3ae-393a-4dbc-869b-0052f2d04981.webp\" class=\"attachment-medium size-medium\" alt=\"\" \/>\t\t\t\t\t<\/div>\n\t\t\t\t<\/div>\n\t\t\t<\/div>\n\t\t\t\t<div class=\"icon-box-text last-reset\">\n\t\t\t\t\t\t\t\t\t\n\n<p><span style=\"color: #282828;\">H\u01a1n <strong><span style=\"color: #43a047;\">100 ng\u01b0\u1eddi<\/span><\/strong> n\u1ed9p \u0111\u01a1n xin vi\u1ec7c t\u1ea1i Nh\u1eadt B\u1ea3n \u0111ang theo h\u1ecdc t\u1ea1i <strong><span style=\"color: #43a047;\">l\u1edbp GA<\/span><\/strong> h\u00e0ng n\u0103m v\u00e0 lu\u00f4n s\u1eb5n s\u00e0ng \u0111\u1ec3 ph\u1ecfng v\u1ea5n<\/span><\/p>\n\n\t\t<\/div>\n\t<\/div>\n\t\n\t\n\n\t\t<\/div>\n\t\t\t\t\t<\/div>\n\n\t\n\n\t<div id=\"col-1104684396\" class=\"col medium-4 small-12 large-4\"  >\n\t\t\t\t<div class=\"col-inner\"  >\n\t\t\t\n\t\t\t\n\n\n\t\t<div class=\"icon-box featured-box icon-box-center text-center\"  >\n\t\t\t\t\t<div class=\"icon-box-img\" style=\"width: 190px\">\n\t\t\t\t<div class=\"icon\">\n\t\t\t\t\t<div class=\"icon-inner\" >\n\t\t\t\t\t\t<img loading=\"lazy\" decoding=\"async\" width=\"200\" height=\"200\" src=\"https:\/\/gaclass-eng.com\/wp-content\/uploads\/2023\/10\/s-200x200_webp_2620b0ed-f707-40ca-8555-581c104d3f04.webp\" class=\"attachment-medium size-medium\" alt=\"\" \/>\t\t\t\t\t<\/div>\n\t\t\t\t<\/div>\n\t\t\t<\/div>\n\t\t\t\t<div class=\"icon-box-text last-reset\">\n\t\t\t\t\t\t\t\t\t\n\n<p style=\"text-align: left;\">Ch\u00fang t\u00f4i ti\u1ebfn h\u00e0nh \u0111\u00e1nh gi\u00e1 n\u0103ng l\u1ef1c h\u1ecdc t\u1eadp t\u1ea1i \u0111\u1ea1i h\u1ecdc, ki\u1ec3m tra IQ v\u00e0 ph\u1ecfng v\u1ea5n tuy\u1ec3n ch\u1ecdn tr\u01b0\u1edbc khi v\u00e0o l\u1edbp \u0111\u1ec3 \u0111\u1ea3m b\u1ea3o ch\u1ea5t l\u01b0\u1ee3ng ngu\u1ed3n nh\u00e2n l\u1ef1c <strong><span style=\"color: #43a047;\">tr\u00ean m\u1ed9t m\u1ee9c ti\u00eau chu\u1ea9n nh\u1ea5t \u0111\u1ecbnh.<\/span><\/strong><\/p>\n\n\t\t<\/div>\n\t<\/div>\n\t\n\t\n\n\t\t<\/div>\n\t\t\t\t\t<\/div>\n\n\t\n\n\t<div id=\"col-1319043399\" class=\"col medium-4 small-12 large-4\"  >\n\t\t\t\t<div class=\"col-inner\"  >\n\t\t\t\n\t\t\t\n\n\n\t\t<div class=\"icon-box featured-box icon-box-center text-center\"  >\n\t\t\t\t\t<div class=\"icon-box-img\" style=\"width: 190px\">\n\t\t\t\t<div class=\"icon\">\n\t\t\t\t\t<div class=\"icon-inner\" >\n\t\t\t\t\t\t<img loading=\"lazy\" decoding=\"async\" width=\"200\" height=\"200\" src=\"https:\/\/gaclass-eng.com\/wp-content\/uploads\/2023\/10\/s-200x200_webp_4a16460e-7457-4cfa-8197-c3ae2e2c6098.webp\" class=\"attachment-medium size-medium\" alt=\"\" \/>\t\t\t\t\t<\/div>\n\t\t\t\t<\/div>\n\t\t\t<\/div>\n\t\t\t\t<div class=\"icon-box-text last-reset\">\n\t\t\t\t\t\t\t\t\t\n\n<p style=\"text-align: left;\">Ch\u00fang t\u00f4i c\u00f3 s\u1ed1 l\u01b0\u1ee3ng l\u1edbn <strong><span style=\"color: #43a047;\">phi\u00ean d\u1ecbch vi\u00ean ng\u01b0\u1eddi Vi\u1ec7t chuy\u00ean ng\u00e0nh k\u1ef9 s\u01b0<\/span><\/strong>. Ho\u00e0n thi\u1ec7n h\u1ec7 th\u1ed1ng <span style=\"color: #43a047;\">h\u1ed7 tr\u1ee3 to\u00e0n di\u1ec7n<\/span> t\u1eeb tr\u01b0\u1edbc khi v\u00e0o l\u00e0m vi\u1ec7c t\u1ea1i c\u00f4ng ty \u0111\u1ebfn sau khi l\u00e0m vi\u1ec7c!<\/p>\n\n\t\t<\/div>\n\t<\/div>\n\t\n\t\n\n\t\t<\/div>\n\t\t\t\t\t<\/div>\n\n\t\n\n\t<div id=\"col-857601616\" class=\"col medium-1 small-12 large-1\"  >\n\t\t\t\t<div class=\"col-inner\"  >\n\t\t\t\n\t\t\t\n\n\n\t\t<\/div>\n\t\t\t\t\t<\/div>\n\n\t\n\n\t<div id=\"col-1788161118\" class=\"col medium-5 small-12 large-5\"  >\n\t\t\t\t<div class=\"col-inner\"  >\n\t\t\t\n\t\t\t\n\n\n\t\t<div class=\"icon-box featured-box icon-box-center text-center\"  >\n\t\t\t\t\t<div class=\"icon-box-img\" style=\"width: 190px\">\n\t\t\t\t<div class=\"icon\">\n\t\t\t\t\t<div class=\"icon-inner\" >\n\t\t\t\t\t\t<img loading=\"lazy\" decoding=\"async\" width=\"200\" height=\"200\" src=\"https:\/\/gaclass-eng.com\/wp-content\/uploads\/2023\/10\/s-200x200_webp_794544be-1774-47fa-bc6d-b0562593e7f8.webp\" class=\"attachment-medium size-medium\" alt=\"\" \/>\t\t\t\t\t<\/div>\n\t\t\t\t<\/div>\n\t\t\t<\/div>\n\t\t\t\t<div class=\"icon-box-text last-reset\">\n\t\t\t\t\t\t\t\t\t\n\n\t<div id=\"text-3396297002\" class=\"text\">\n\t\t\n\n<p><strong><span style=\"color: #43a047;\">Ho\u00e0n to\u00e0n d\u1ef1a tr\u00ean hi\u1ec7u su\u1ea5t<\/span><\/strong> n\u00ean kh\u00f4ng c\u00f3 r\u1ee7i ro v\u1ec1 chi ph\u00ed<\/p>\n\t\t\n<style>\n#text-3396297002 {\n  text-align: center;\n}\n<\/style>\n\t<\/div>\n\t\n\n\t\t<\/div>\n\t<\/div>\n\t\n\t\n\n\t\t<\/div>\n\t\t\t\t\t<\/div>\n\n\t\n\n\t<div id=\"col-988075617\" class=\"col medium-4 small-12 large-4\"  >\n\t\t\t\t<div class=\"col-inner\"  >\n\t\t\t\n\t\t\t\n\n\n\t\t<div class=\"icon-box featured-box icon-box-center text-center\"  >\n\t\t\t\t\t<div class=\"icon-box-img\" style=\"width: 190px\">\n\t\t\t\t<div class=\"icon\">\n\t\t\t\t\t<div class=\"icon-inner\" >\n\t\t\t\t\t\t<img loading=\"lazy\" decoding=\"async\" width=\"200\" height=\"200\" src=\"https:\/\/gaclass-eng.com\/wp-content\/uploads\/2023\/10\/s-200x200_webp_35584bd0-7851-4abc-ab96-4075c2c9e325.webp\" class=\"attachment-medium size-medium\" alt=\"\" \/>\t\t\t\t\t<\/div>\n\t\t\t\t<\/div>\n\t\t\t<\/div>\n\t\t\t\t<div class=\"icon-box-text last-reset\">\n\t\t\t\t\t\t\t\t\t\n\n<p>Ch\u00fang t\u00f4i c\u00f3 chuy\u00ean gia h\u1ed7 tr\u1ee3 xin th\u1ecb th\u1ef1c l\u00e0m vi\u1ec7c cho ng\u01b0\u1eddi n\u01b0\u1edbc ngo\u00e0i v\u00e0 c\u00f3 th\u1ec3 \u0111\u1ed1i \u1ee9ng <strong><span style=\"color: #43a047;\">nhanh ch\u00f3ng v\u1ec1 vi\u1ec7c xin th\u1ecb th\u1ef1c<\/span><\/strong>.<\/p>\n\n\t\t<\/div>\n\t<\/div>\n\t\n\t\n\n\t\t<\/div>\n\t\t\t\t\t<\/div>\n\n\t\n\n\t<div id=\"col-1761532570\" class=\"col medium-1 small-12 large-1\"  >\n\t\t\t\t<div class=\"col-inner\"  >\n\t\t\t\n\t\t\t\n\n\n\t\t<\/div>\n\t\t\t\t\t<\/div>\n\n\t\n\n<\/div>\n\n\t\t<\/div>\n\n\t\t\n<style>\n#section_1730841699 {\n  padding-top: 0px;\n  padding-bottom: 0px;\n  background-color: rgb(245, 245, 245);\n}\n#section_1730841699 .ux-shape-divider--top svg {\n  height: 150px;\n  --divider-top-width: 100%;\n}\n#section_1730841699 .ux-shape-divider--bottom svg {\n  height: 150px;\n  --divider-width: 100%;\n}\n<\/style>\n\t<\/section>\n\t\n\t<section class=\"section\" id=\"section_102751217\">\n\t\t<div class=\"bg section-bg fill bg-fill  bg-loaded\" >\n\n\t\t\t\n\t\t\t\n\t\t\t\n\n\t\t<\/div>\n\n\t\t\n\n\t\t<div class=\"section-content relative\">\n\t\t\t\n\n\t<div id=\"gap-592729762\" class=\"gap-element clearfix\" style=\"display:block; height:auto;\">\n\t\t\n<style>\n#gap-592729762 {\n  padding-top: 50px;\n}\n<\/style>\n\t<\/div>\n\t\n\n<div class=\"row\"  id=\"row-1383554625\">\n\n\n\t<div id=\"col-1053918544\" class=\"col small-12 large-12\"  >\n\t\t\t\t<div class=\"col-inner\"  >\n\t\t\t\n\t\t\t\n\n\t<div id=\"text-3969500166\" class=\"text cf-title-08\">\n\t\t\n\n<h1 style=\"text-align: center;\"><span style=\"font-size: 160%; color: #282828;\">L\u1ecbch tuy\u1ec3n d\u1ee5ng<\/span><\/h1>\n\t\t\t<\/div>\n\t\n<div class=\"text-center\"><div class=\"is-divider divider clearfix\" style=\"max-width:100px;height:4px;background-color:rgb(67, 160, 71);\"><\/div><\/div>\n\n\n\t\t<\/div>\n\t\t\t\t\t<\/div>\n\n\t\n\n<\/div>\n<div class=\"row row-large\"  id=\"row-1075298723\">\n\n\n\t<div id=\"col-1285930041\" class=\"col medium-6 small-12 large-6\"  >\n\t\t\t\t<div class=\"col-inner\"  >\n\t\t\t\n\t\t\t\n\n\t<div class=\"img has-hover x md-x lg-x y md-y lg-y\" id=\"image_1035504954\">\n\t\t\t\t\t\t\t\t<div class=\"img-inner dark\" >\n\t\t\t<img loading=\"lazy\" decoding=\"async\" width=\"1020\" height=\"388\" src=\"https:\/\/gaclass-eng.com\/wp-content\/uploads\/2023\/11\/1-1-1400x533.png\" class=\"attachment-large size-large\" alt=\"\" srcset=\"https:\/\/gaclass-eng.com\/wp-content\/uploads\/2023\/11\/1-1-1400x533.png 1400w, https:\/\/gaclass-eng.com\/wp-content\/uploads\/2023\/11\/1-1-800x304.png 800w, https:\/\/gaclass-eng.com\/wp-content\/uploads\/2023\/11\/1-1-768x292.png 768w, https:\/\/gaclass-eng.com\/wp-content\/uploads\/2023\/11\/1-1-1536x584.png 1536w, https:\/\/gaclass-eng.com\/wp-content\/uploads\/2023\/11\/1-1-2048x779.png 2048w\" sizes=\"auto, (max-width: 1020px) 100vw, 1020px\" \/>\t\t\t\t\t\t\n\t\t\t\t\t<\/div>\n\t\t\t\t\t\t\t\t\n<style>\n#image_1035504954 {\n  width: 100%;\n}\n<\/style>\n\t<\/div>\n\t\n\n\n\t\t<\/div>\n\t\t\t\t\t<\/div>\n\n\t\n\n\t<div id=\"col-721134607\" class=\"col medium-6 small-12 large-6\"  >\n\t\t\t\t<div class=\"col-inner\"  >\n\t\t\t\n\t\t\t\n\n\t<div class=\"img has-hover x md-x lg-x y md-y lg-y\" id=\"image_399754418\">\n\t\t\t\t\t\t\t\t<div class=\"img-inner dark\" >\n\t\t\t<img loading=\"lazy\" decoding=\"async\" width=\"820\" height=\"312\" src=\"https:\/\/gaclass-eng.com\/wp-content\/uploads\/2023\/11\/2-1.png\" class=\"attachment-large size-large\" alt=\"\" srcset=\"https:\/\/gaclass-eng.com\/wp-content\/uploads\/2023\/11\/2-1.png 820w, https:\/\/gaclass-eng.com\/wp-content\/uploads\/2023\/11\/2-1-800x304.png 800w, https:\/\/gaclass-eng.com\/wp-content\/uploads\/2023\/11\/2-1-768x292.png 768w\" sizes=\"auto, (max-width: 820px) 100vw, 820px\" \/>\t\t\t\t\t\t\n\t\t\t\t\t<\/div>\n\t\t\t\t\t\t\t\t\n<style>\n#image_399754418 {\n  width: 100%;\n}\n<\/style>\n\t<\/div>\n\t\n\n\n\t\t<\/div>\n\t\t\t\t\t<\/div>\n\n\t\n\n<\/div>\n\n\t\t<\/div>\n\n\t\t\n<style>\n#section_102751217 {\n  padding-top: 0px;\n  padding-bottom: 0px;\n  background-color: rgb(255, 255, 255);\n}\n#section_102751217 .ux-shape-divider--top svg {\n  height: 150px;\n  --divider-top-width: 100%;\n}\n#section_102751217 .ux-shape-divider--bottom svg {\n  height: 150px;\n  --divider-width: 100%;\n}\n<\/style>\n\t<\/section>\n\t\n\n","protected":false},"excerpt":{"rendered":"","protected":false},"author":1,"featured_media":0,"parent":0,"menu_order":0,"comment_status":"closed","ping_status":"closed","template":"page-blank.php","meta":{"footnotes":""},"class_list":["post-3594","page","type-page","status-publish","hentry"],"_links":{"self":[{"href":"https:\/\/gaclass-eng.com\/vi\/wp-json\/wp\/v2\/pages\/3594","targetHints":{"allow":["GET"]}}],"collection":[{"href":"https:\/\/gaclass-eng.com\/vi\/wp-json\/wp\/v2\/pages"}],"about":[{"href":"https:\/\/gaclass-eng.com\/vi\/wp-json\/wp\/v2\/types\/page"}],"author":[{"embeddable":true,"href":"https:\/\/gaclass-eng.com\/vi\/wp-json\/wp\/v2\/users\/1"}],"replies":[{"embeddable":true,"href":"https:\/\/gaclass-eng.com\/vi\/wp-json\/wp\/v2\/comments?post=3594"}],"version-history":[{"count":9,"href":"https:\/\/gaclass-eng.com\/vi\/wp-json\/wp\/v2\/pages\/3594\/revisions"}],"predecessor-version":[{"id":3630,"href":"https:\/\/gaclass-eng.com\/vi\/wp-json\/wp\/v2\/pages\/3594\/revisions\/3630"}],"wp:attachment":[{"href":"https:\/\/gaclass-eng.com\/vi\/wp-json\/wp\/v2\/media?parent=3594"}],"curies":[{"name":"wp","href":"https:\/\/api.w.org\/{rel}","templated":true}]}}